{"id":2874,"date":"2024-08-05T11:25:36","date_gmt":"2024-08-05T10:25:36","guid":{"rendered":"https:\/\/www.tomavision.net\/politica-de-cookies\/"},"modified":"2025-07-24T10:02:29","modified_gmt":"2025-07-24T09:02:29","slug":"politica-de-cookies","status":"publish","type":"page","link":"https:\/\/www.tomavision.net\/es\/politica-de-cookies\/","title":{"rendered":"Pol\u00edtica de Cookies"},"content":{"rendered":"\t\t<div data-elementor-type=\"wp-page\" data-elementor-id=\"2874\" class=\"elementor elementor-2874 elementor-2412\" data-elementor-post-type=\"page\">\n\t\t\t\t<div class=\"elementor-element elementor-element-0f11ecb e-flex e-con-boxed e-con e-parent\" data-id=\"0f11ecb\" data-element_type=\"container\">\n\t\t\t\t\t<div class=\"e-con-inner\">\n\t\t\t\t<div class=\"elementor-element elementor-element-10ed67e elementor-widget elementor-widget-text-editor\" data-id=\"10ed67e\" data-element_type=\"widget\" data-widget_type=\"text-editor.default\">\n\t\t\t\t<div class=\"elementor-widget-container\">\n\t\t\t<style>\/*! elementor - v3.21.0 - 26-05-2024 *\/\n.elementor-widget-text-editor.elementor-drop-cap-view-stacked .elementor-drop-cap{background-color:#69727d;color:#fff}.elementor-widget-text-editor.elementor-drop-cap-view-framed .elementor-drop-cap{color:#69727d;border:3px solid;background-color:transparent}.elementor-widget-text-editor:not(.elementor-drop-cap-view-default) .elementor-drop-cap{margin-top:8px}.elementor-widget-text-editor:not(.elementor-drop-cap-view-default) .elementor-drop-cap-letter{width:1em;height:1em}.elementor-widget-text-editor .elementor-drop-cap{float:left;text-align:center;line-height:1;font-size:50px}.elementor-widget-text-editor .elementor-drop-cap-letter{display:inline-block}<\/style>\t\t\t\t<p><b>Tomavision S.L. Cookie Policy<\/b><b><br><\/b> <b>Last updated: [July 22, 2025]<\/b><\/p><p><b><br><\/b><\/p>\n<p><\/p>\n<h3><b>\u00bfQu\u00e9 son las cookies?<\/b><\/h3>\n<p><span style=\"font-weight: 400;\">Las cookies son peque\u00f1os archivos de texto que se almacenan en tu dispositivo (ordenador, tablet, smartphone, etc.) cuando visitas un sitio web. Permiten que la p\u00e1gina web recuerde tus acciones y preferencias (como el inicio de sesi\u00f3n, idioma, tama\u00f1o de fuente y otras configuraciones) durante un per\u00edodo de tiempo, para que no tengas que volver a configurarlas cada vez que regreses al sitio o navegues entre p\u00e1ginas. <\/span><\/p><p><span style=\"font-weight: 400;\"><br><\/span><\/p>\n<p><\/p>\n<h3><b>\u00bfQu\u00e9 tipos de cookies utilizamos?<\/b><\/h3>\n<p><span style=\"font-weight: 400;\">En Tomavision S.L., utilizamos cookies propias y de terceros con las siguientes finalidades:<\/span><\/p>\n<p><\/p>\n<h6><b>1. Cookies t\u00e9cnicas o necesarias<\/b><\/h6>\n<p><span style=\"font-weight: 400;\">Estas cookies son esenciales para el funcionamiento del sitio web y permiten la navegaci\u00f3n y el uso de sus funciones b\u00e1sicas, como el acceso a \u00e1reas seguras. Sin estas cookies, el sitio web no puede funcionar correctamente. <\/span><\/p>\n<p><\/p>\n<h6><b>2. Cookies de an\u00e1lisis o medici\u00f3n<\/b><\/h6>\n<p><span style=\"font-weight: 400;\">Utilizamos cookies de terceros (por ejemplo, Google Analytics) para recopilar informaci\u00f3n sobre el uso que los visitantes hacen de nuestra web: p\u00e1ginas m\u00e1s visitadas, duraci\u00f3n de las visitas, errores de navegaci\u00f3n, etc. Esta informaci\u00f3n se utiliza \u00fanicamente para mejorar el contenido, el rendimiento y la experiencia del usuario. <\/span><\/p>\n<p><\/p>\n<h6><b>3. Cookies de funcionalidad<\/b><\/h6>\n<p><span style=\"font-weight: 400;\">Estas cookies permiten recordar tus preferencias (como el idioma o la regi\u00f3n en la que te encuentras) y proporcionan funciones mejoradas y personalizadas.<\/span><\/p>\n<p><\/p>\n<h6><b>4. Cookies de redes sociales y multimedia<\/b><\/h6>\n<p><span style=\"font-weight: 400;\">Algunas p\u00e1ginas pueden incluir contenido incrustado de plataformas como YouTube, Vimeo, Instagram o X (Twitter). Estas plataformas pueden instalar sus propias cookies para analizar la interacci\u00f3n con su contenido. <\/span><\/p><p><span style=\"font-weight: 400;\"><br><\/span><\/p>\n<p><\/p>\n<h3><b>\u00bfC\u00f3mo puedes gestionar o desactivar las cookies?<\/b><\/h3>\n<p><span style=\"font-weight: 400;\">Puedes permitir, bloquear o eliminar las cookies instaladas en tu dispositivo mediante la configuraci\u00f3n de las opciones del navegador que est\u00e9s utilizando:<\/span><\/p>\n<ul>\n<li style=\"font-weight: 400;\" aria-level=\"1\"><b>Google Chrome<\/b><b>\n<\/b><a href=\"https:\/\/support.google.com\/chrome\/answer\/95647?hl=es\"> <span style=\"font-weight: 400;\">https:\/\/support.google.com\/chrome\/answer\/95647?hl=es<\/span><span style=\"font-weight: 400;\"><br><\/span><\/a><p><a href=\"https:\/\/support.google.com\/chrome\/answer\/95647?hl=es\"><\/a><\/p><\/li>\n<li style=\"font-weight: 400;\" aria-level=\"1\"><b>Mozilla Firefox<\/b><b>\n<\/b><a href=\"https:\/\/support.mozilla.org\/es\/kb\/habilitar-y-deshabilitar-cookies-sitios-web-rastrear-preferencias\"> <span style=\"font-weight: 400;\">https:\/\/support.mozilla.org\/es\/kb\/habilitar-y-deshabilitar-cookies-sitios-web-rastrear-preferencias<\/span><span style=\"font-weight: 400;\"><br><\/span><\/a><p><a href=\"https:\/\/support.mozilla.org\/es\/kb\/habilitar-y-deshabilitar-cookies-sitios-web-rastrear-preferencias\"><\/a><\/p><\/li>\n<li style=\"font-weight: 400;\" aria-level=\"1\"><b>Safari<\/b><b>\n<\/b><a href=\"https:\/\/support.apple.com\/es-es\/guide\/safari\/sfri11471\/mac\"> <span style=\"font-weight: 400;\">https:\/\/support.apple.com\/es-es\/guide\/safari\/sfri11471\/mac<\/span><span style=\"font-weight: 400;\"><br><\/span><\/a><p><a href=\"https:\/\/support.apple.com\/es-es\/guide\/safari\/sfri11471\/mac\"><\/a><\/p><\/li>\n<li style=\"font-weight: 400;\" aria-level=\"1\"><b>Microsoft Edge<\/b><b>\n<\/b><a href=\"https:\/\/support.microsoft.com\/es-es\/help\/4027947\/microsoft-edge-delete-cookies\"> <span style=\"font-weight: 400;\">https:\/\/support.microsoft.com\/es-es\/help\/4027947\/microsoft-edge-delete-cookies<\/span><span style=\"font-weight: 400;\"><br><\/span><\/a><p><a href=\"https:\/\/support.microsoft.com\/es-es\/help\/4027947\/microsoft-edge-delete-cookies\"><\/a><\/p><\/li>\n<\/ul>\n<p><span style=\"font-weight: 400;\">Ten en cuenta que desactivar ciertas cookies puede afectar la funcionalidad de nuestro sitio web.<\/span><\/p><p><span style=\"font-weight: 400;\"><br><\/span><\/p>\n<p><\/p>\n<h3><b>\u00bfQui\u00e9n es el responsable del tratamiento de los datos?<\/b><\/h3>\n<p><b>Tomavision S.L.<\/b><b><br><\/b><span style=\"font-weight: 400;\"> Tax ID (CIF): B76749498<\/span><span style=\"font-weight: 400;\"><br><\/span><span style=\"font-weight: 400;\"> Address: C\/ Jose Zarate y Penichet, 5, Office 7, 38001, Santa Cruz de Tenerife<\/span><span style=\"font-weight: 400;\"><br><\/span><span style=\"font-weight: 400;\"> Contact email: blanca@tomavision.net<\/span><\/p><p><span style=\"font-weight: 400;\"><br><\/span><\/p>\n<p><\/p>\n<h3><b>Cambios en la pol\u00edtica de cookies<\/b><\/h3>\n<p><span style=\"font-weight: 400;\">Tomavision S.L. puede modificar esta Pol\u00edtica de Cookies en funci\u00f3n de exigencias legislativas o para adaptarla a las instrucciones dictadas por la Agencia Espa\u00f1ola de Protecci\u00f3n de Datos (AEPD). Se recomienda a los usuarios que la revisen peri\u00f3dicamente. <\/span><\/p>\n<p><span id=\"docs-internal-guid-5be41298-7fff-8170-adab-97be5b5df1a5\"><br>&nbsp;<\/span><\/p>\t\t\t\t\t\t<\/div>\n\t\t\t\t<\/div>\n\t\t\t\t\t<\/div>\n\t\t\t\t<\/div>\n\t\t\t\t<\/div>\n\t\t","protected":false},"excerpt":{"rendered":"<p>Tomavision S.L. Cookie Policy Last updated: [July 22, 2025] \u00bfQu\u00e9 son las cookies? Las cookies son peque\u00f1os archivos de texto [&hellip;]<\/p>\n","protected":false},"author":2,"featured_media":0,"parent":0,"menu_order":0,"comment_status":"closed","ping_status":"closed","template":"","meta":{"_acf_changed":false,"inline_featured_image":false,"site-sidebar-layout":"default","site-content-layout":"","ast-site-content-layout":"","site-content-style":"default","site-sidebar-style":"default","ast-global-header-display":"","ast-banner-title-visibility":"","ast-main-header-display":"","ast-hfb-above-header-display":"","ast-hfb-below-header-display":"","ast-hfb-mobile-header-display":"","site-post-title":"","ast-breadcrumbs-content":"","ast-featured-img":"","footer-sml-layout":"","theme-transparent-header-meta":"","adv-header-id-meta":"","stick-header-meta":"","header-above-stick-meta":"","header-main-stick-meta":"","header-below-stick-meta":"","astra-migrate-meta-layouts":"default","ast-page-background-enabled":"default","ast-page-background-meta":{"desktop":{"background-color":"var(--ast-global-color-4)","background-image":"","background-repeat":"repeat","background-position":"center center","background-size":"auto","background-attachment":"scroll","background-type":"","background-media":"","overlay-type":"","overlay-color":"","overlay-opacity":"","overlay-gradient":""},"tablet":{"background-color":"","background-image":"","background-repeat":"repeat","background-position":"center center","background-size":"auto","background-attachment":"scroll","background-type":"","background-media":"","overlay-type":"","overlay-color":"","overlay-opacity":"","overlay-gradient":""},"mobile":{"background-color":"","background-image":"","background-repeat":"repeat","background-position":"center center","background-size":"auto","background-attachment":"scroll","background-type":"","background-media":"","overlay-type":"","overlay-color":"","overlay-opacity":"","overlay-gradient":""}},"ast-content-background-meta":{"desktop":{"background-color":"var(--ast-global-color-5)","background-image":"","background-repeat":"repeat","background-position":"center center","background-size":"auto","background-attachment":"scroll","background-type":"","background-media":"","overlay-type":"","overlay-color":"","overlay-opacity":"","overlay-gradient":""},"tablet":{"background-color":"var(--ast-global-color-5)","background-image":"","background-repeat":"repeat","background-position":"center center","background-size":"auto","background-attachment":"scroll","background-type":"","background-media":"","overlay-type":"","overlay-color":"","overlay-opacity":"","overlay-gradient":""},"mobile":{"background-color":"var(--ast-global-color-5)","background-image":"","background-repeat":"repeat","background-position":"center center","background-size":"auto","background-attachment":"scroll","background-type":"","background-media":"","overlay-type":"","overlay-color":"","overlay-opacity":"","overlay-gradient":""}},"footnotes":""},"class_list":["post-2874","page","type-page","status-publish","hentry"],"acf":[],"yoast_head":"<!-- This site is optimized with the Yoast SEO plugin v23.1 - https:\/\/yoast.com\/wordpress\/plugins\/seo\/ -->\n<title>Pol\u00edtica de Cookies - Tomavision<\/title>\n<meta name=\"robots\" content=\"index, follow, max-snippet:-1, max-image-preview:large, max-video-preview:-1\" \/>\n<link rel=\"canonical\" href=\"https:\/\/www.tomavision.net\/es\/politica-de-cookies\/\" \/>\n<meta property=\"og:locale\" content=\"es_ES\" \/>\n<meta property=\"og:type\" content=\"article\" \/>\n<meta property=\"og:title\" content=\"Pol\u00edtica de Cookies - Tomavision\" \/>\n<meta property=\"og:description\" content=\"Tomavision S.L. Cookie Policy Last updated: [July 22, 2025] \u00bfQu\u00e9 son las cookies? Las cookies son peque\u00f1os archivos de texto [&hellip;]\" \/>\n<meta property=\"og:url\" content=\"https:\/\/www.tomavision.net\/es\/politica-de-cookies\/\" \/>\n<meta property=\"og:site_name\" content=\"Tomavision\" \/>\n<meta property=\"article:modified_time\" content=\"2025-07-24T09:02:29+00:00\" \/>\n<meta property=\"og:image\" content=\"https:\/\/www.tomavision.net\/wp-content\/uploads\/2024\/06\/tomavision__img.jpg\" \/>\n\t<meta property=\"og:image:width\" content=\"586\" \/>\n\t<meta property=\"og:image:height\" content=\"499\" \/>\n\t<meta property=\"og:image:type\" content=\"image\/jpeg\" \/>\n<meta name=\"twitter:card\" content=\"summary_large_image\" \/>\n<meta name=\"twitter:label1\" content=\"Tiempo de lectura\" \/>\n\t<meta name=\"twitter:data1\" content=\"2 minutos\" \/>\n<script type=\"application\/ld+json\" class=\"yoast-schema-graph\">{\"@context\":\"https:\/\/schema.org\",\"@graph\":[{\"@type\":\"WebPage\",\"@id\":\"https:\/\/www.tomavision.net\/es\/politica-de-cookies\/\",\"url\":\"https:\/\/www.tomavision.net\/es\/politica-de-cookies\/\",\"name\":\"Pol\u00edtica de Cookies - Tomavision\",\"isPartOf\":{\"@id\":\"https:\/\/www.tomavision.net\/#website\"},\"datePublished\":\"2024-08-05T10:25:36+00:00\",\"dateModified\":\"2025-07-24T09:02:29+00:00\",\"breadcrumb\":{\"@id\":\"https:\/\/www.tomavision.net\/es\/politica-de-cookies\/#breadcrumb\"},\"inLanguage\":\"es\",\"potentialAction\":[{\"@type\":\"ReadAction\",\"target\":[\"https:\/\/www.tomavision.net\/es\/politica-de-cookies\/\"]}]},{\"@type\":\"BreadcrumbList\",\"@id\":\"https:\/\/www.tomavision.net\/es\/politica-de-cookies\/#breadcrumb\",\"itemListElement\":[{\"@type\":\"ListItem\",\"position\":1,\"name\":\"Portada\",\"item\":\"https:\/\/www.tomavision.net\/es\/\"},{\"@type\":\"ListItem\",\"position\":2,\"name\":\"Pol\u00edtica de Cookies\"}]},{\"@type\":\"WebSite\",\"@id\":\"https:\/\/www.tomavision.net\/#website\",\"url\":\"https:\/\/www.tomavision.net\/\",\"name\":\"Tomavision\",\"description\":\"Tomavision is a creative production company that offers animation services for all ages and audiences\",\"publisher\":{\"@id\":\"https:\/\/www.tomavision.net\/#organization\"},\"potentialAction\":[{\"@type\":\"SearchAction\",\"target\":{\"@type\":\"EntryPoint\",\"urlTemplate\":\"https:\/\/www.tomavision.net\/?s={search_term_string}\"},\"query-input\":\"required name=search_term_string\"}],\"inLanguage\":\"es\"},{\"@type\":\"Organization\",\"@id\":\"https:\/\/www.tomavision.net\/#organization\",\"name\":\"Tomavision\",\"url\":\"https:\/\/www.tomavision.net\/\",\"logo\":{\"@type\":\"ImageObject\",\"inLanguage\":\"es\",\"@id\":\"https:\/\/www.tomavision.net\/#\/schema\/logo\/image\/\",\"url\":\"https:\/\/www.tomavision.net\/wp-content\/uploads\/2024\/06\/tomavision_LOGO-1.png\",\"contentUrl\":\"https:\/\/www.tomavision.net\/wp-content\/uploads\/2024\/06\/tomavision_LOGO-1.png\",\"width\":639,\"height\":96,\"caption\":\"Tomavision\"},\"image\":{\"@id\":\"https:\/\/www.tomavision.net\/#\/schema\/logo\/image\/\"},\"sameAs\":[\"https:\/\/www.instagram.com\/tomavisionstudio\/\",\"https:\/\/es.linkedin.com\/company\/tomavision-studio\"]}]}<\/script>\n<!-- \/ Yoast SEO plugin. -->","yoast_head_json":{"title":"Pol\u00edtica de Cookies - Tomavision","robots":{"index":"index","follow":"follow","max-snippet":"max-snippet:-1","max-image-preview":"max-image-preview:large","max-video-preview":"max-video-preview:-1"},"canonical":"https:\/\/www.tomavision.net\/es\/politica-de-cookies\/","og_locale":"es_ES","og_type":"article","og_title":"Pol\u00edtica de Cookies - Tomavision","og_description":"Tomavision S.L. Cookie Policy Last updated: [July 22, 2025] \u00bfQu\u00e9 son las cookies? Las cookies son peque\u00f1os archivos de texto [&hellip;]","og_url":"https:\/\/www.tomavision.net\/es\/politica-de-cookies\/","og_site_name":"Tomavision","article_modified_time":"2025-07-24T09:02:29+00:00","og_image":[{"width":586,"height":499,"url":"https:\/\/www.tomavision.net\/wp-content\/uploads\/2024\/06\/tomavision__img.jpg","type":"image\/jpeg"}],"twitter_card":"summary_large_image","twitter_misc":{"Tiempo de lectura":"2 minutos"},"schema":{"@context":"https:\/\/schema.org","@graph":[{"@type":"WebPage","@id":"https:\/\/www.tomavision.net\/es\/politica-de-cookies\/","url":"https:\/\/www.tomavision.net\/es\/politica-de-cookies\/","name":"Pol\u00edtica de Cookies - Tomavision","isPartOf":{"@id":"https:\/\/www.tomavision.net\/#website"},"datePublished":"2024-08-05T10:25:36+00:00","dateModified":"2025-07-24T09:02:29+00:00","breadcrumb":{"@id":"https:\/\/www.tomavision.net\/es\/politica-de-cookies\/#breadcrumb"},"inLanguage":"es","potentialAction":[{"@type":"ReadAction","target":["https:\/\/www.tomavision.net\/es\/politica-de-cookies\/"]}]},{"@type":"BreadcrumbList","@id":"https:\/\/www.tomavision.net\/es\/politica-de-cookies\/#breadcrumb","itemListElement":[{"@type":"ListItem","position":1,"name":"Portada","item":"https:\/\/www.tomavision.net\/es\/"},{"@type":"ListItem","position":2,"name":"Pol\u00edtica de Cookies"}]},{"@type":"WebSite","@id":"https:\/\/www.tomavision.net\/#website","url":"https:\/\/www.tomavision.net\/","name":"Tomavision","description":"Tomavision is a creative production company that offers animation services for all ages and audiences","publisher":{"@id":"https:\/\/www.tomavision.net\/#organization"},"potentialAction":[{"@type":"SearchAction","target":{"@type":"EntryPoint","urlTemplate":"https:\/\/www.tomavision.net\/?s={search_term_string}"},"query-input":"required name=search_term_string"}],"inLanguage":"es"},{"@type":"Organization","@id":"https:\/\/www.tomavision.net\/#organization","name":"Tomavision","url":"https:\/\/www.tomavision.net\/","logo":{"@type":"ImageObject","inLanguage":"es","@id":"https:\/\/www.tomavision.net\/#\/schema\/logo\/image\/","url":"https:\/\/www.tomavision.net\/wp-content\/uploads\/2024\/06\/tomavision_LOGO-1.png","contentUrl":"https:\/\/www.tomavision.net\/wp-content\/uploads\/2024\/06\/tomavision_LOGO-1.png","width":639,"height":96,"caption":"Tomavision"},"image":{"@id":"https:\/\/www.tomavision.net\/#\/schema\/logo\/image\/"},"sameAs":["https:\/\/www.instagram.com\/tomavisionstudio\/","https:\/\/es.linkedin.com\/company\/tomavision-studio"]}]}},"_links":{"self":[{"href":"https:\/\/www.tomavision.net\/es\/wp-json\/wp\/v2\/pages\/2874","targetHints":{"allow":["GET"]}}],"collection":[{"href":"https:\/\/www.tomavision.net\/es\/wp-json\/wp\/v2\/pages"}],"about":[{"href":"https:\/\/www.tomavision.net\/es\/wp-json\/wp\/v2\/types\/page"}],"author":[{"embeddable":true,"href":"https:\/\/www.tomavision.net\/es\/wp-json\/wp\/v2\/users\/2"}],"replies":[{"embeddable":true,"href":"https:\/\/www.tomavision.net\/es\/wp-json\/wp\/v2\/comments?post=2874"}],"version-history":[{"count":1,"href":"https:\/\/www.tomavision.net\/es\/wp-json\/wp\/v2\/pages\/2874\/revisions"}],"predecessor-version":[{"id":2875,"href":"https:\/\/www.tomavision.net\/es\/wp-json\/wp\/v2\/pages\/2874\/revisions\/2875"}],"wp:attachment":[{"href":"https:\/\/www.tomavision.net\/es\/wp-json\/wp\/v2\/media?parent=2874"}],"curies":[{"name":"wp","href":"https:\/\/api.w.org\/{rel}","templated":true}]}}